{"id":2126,"date":"2017-10-03T21:27:54","date_gmt":"2017-10-03T21:27:54","guid":{"rendered":"http:\/\/descobrirportugal.pt\/?page_id=2126"},"modified":"2017-10-03T21:28:11","modified_gmt":"2017-10-03T21:28:11","slug":"politica-de-privacidade","status":"publish","type":"page","link":"https:\/\/descobrirportugal.pt\/politica-de-privacidade\/","title":{"rendered":"Pol\u00edtica de privacidade"},"content":{"rendered":"<h2 style=\"text-align: justify;\">Pol\u00edtica de privacidade para <a href=\"http:\/\/descobrirportugal.pt\">Descobrir Portugal<\/a><\/h2>\n<p style=\"text-align: justify;\">Todas as suas informa\u00e7\u00f5es pessoais recolhidas, ser\u00e3o usadas para o ajudar a tornar a sua visita no nosso site o mais produtiva e agrad\u00e1vel poss\u00edvel.<\/p>\n<p style=\"text-align: justify;\">A garantia da confidencialidade dos dados pessoais dos utilizadores do nosso site \u00e9 importante para o Descobrir Portugal.<\/p>\n<p style=\"text-align: justify;\">Todas as informa\u00e7\u00f5es pessoais relativas a membros, assinantes, clientes ou visitantes que usem o Descobrir Portugal ser\u00e3o tratadas em concord\u00e2ncia com a Lei da Prote\u00e7\u00e3o de Dados Pessoais de 26 de outubro de 1998 (Lei n.\u00ba 67\/98).<\/p>\n<p style=\"text-align: justify;\">A informa\u00e7\u00e3o pessoal recolhida pode incluir o seu nome, e-mail, n\u00famero de telefone e\/ou telem\u00f3vel, morada, data de nascimento e\/ou outros.<\/p>\n<p style=\"text-align: justify;\">O uso do Descobrir Portugal pressup\u00f5e a aceita\u00e7\u00e3o deste Acordo de privacidade. A equipa do Descobrir Portugal reserva-se ao direito de alterar este acordo sem aviso pr\u00e9vio. Deste modo, recomendamos que consulte a nossa pol\u00edtica de privacidade com regularidade de forma a estar sempre atualizado.<\/p>\n<h2 style=\"text-align: justify;\">Os an\u00fancios<\/h2>\n<p style=\"text-align: justify;\">Tal como outros websites, coletamos e utilizamos informa\u00e7\u00e3o contida nos an\u00fancios. A informa\u00e7\u00e3o contida nos an\u00fancios, inclui o seu endere\u00e7o IP (Internet Protocol), o seu ISP (Internet Service Provider, como o Sapo, Clix, ou outro), o browser que utilizou ao visitar o nosso website (como o Internet Explorer ou o Firefox), o tempo da sua visita e que p\u00e1ginas visitou dentro do nosso website.<\/p>\n<h2 style=\"text-align: justify;\">Cookie DoubleClick Dart<\/h2>\n<p style=\"text-align: justify;\">O Google, como fornecedor de terceiros, utiliza cookies para exibir an\u00fancios no nosso website;<\/p>\n<p style=\"text-align: justify;\">Com o cookie DART, o Google pode exibir an\u00fancios com base nas visitas que o leitor fez a outros websites na Internet;<\/p>\n<p style=\"text-align: justify;\">Os utilizadores podem desativar o cookie DART visitando a Pol\u00edtica de <a title=\"privacidade da rede de conte\u00fado\" href=\"http:\/\/politicaprivacidade.com\/\" target=\"_blank\" rel=\"noopener\">privacidade da rede de conte\u00fado<\/a> e dos an\u00fancios do Google.<\/p>\n<h2 style=\"text-align: justify;\">Os Cookies e Web Beacons<\/h2>\n<p style=\"text-align: justify;\">Utilizamos cookies para armazenar informa\u00e7\u00e3o, tais como as suas prefer\u00eancias pessoas quando visita o nosso website. Isto poder\u00e1 incluir um simples popup, ou uma liga\u00e7\u00e3o em v\u00e1rios servi\u00e7os que providenciamos, tais como f\u00f3runs.<\/p>\n<p style=\"text-align: justify;\">Em adi\u00e7\u00e3o tamb\u00e9m utilizamos publicidade de terceiros no nosso website para suportar os custos de manuten\u00e7\u00e3o. Alguns destes publicit\u00e1rios, poder\u00e3o utilizar tecnologias como os cookies e\/ou web beacons quando publicitam no nosso website, o que far\u00e1 com que esses publicit\u00e1rios (como o Google atrav\u00e9s do Google AdSense) tamb\u00e9m recebam a sua informa\u00e7\u00e3o pessoal, como o endere\u00e7o IP, o seu ISP, o seu browser, etc. Esta fun\u00e7\u00e3o \u00e9 geralmente utilizada para geotargeting (mostrar publicidade de Lisboa apenas aos leitores oriundos de Lisboa por ex.) ou apresentar publicidade direcionada a um tipo de utilizador (como mostrar publicidade de restaurante a um utilizador que visita sites de culin\u00e1ria regularmente, por ex.).<\/p>\n<p style=\"text-align: justify;\">Voc\u00ea det\u00e9m o poder de desligar os seus cookies, nas op\u00e7\u00f5es do seu browser, ou efetuando altera\u00e7\u00f5es nas ferramentas de programas Anti-Virus, como o Norton Internet Security. No entanto, isso poder\u00e1 alterar a forma como interage com o nosso website, ou outros websites. Isso poder\u00e1 afetar ou n\u00e3o permitir que fa\u00e7a logins em programas, sites ou f\u00f3runs da nossa e de outras redes.<\/p>\n<h2 style=\"text-align: justify;\">Liga\u00e7\u00f5es a Sites de terceiros<\/h2>\n<p style=\"text-align: justify;\">O Descobrir Portugal possui liga\u00e7\u00f5es para outros sites, os quais, a nosso ver, podem conter informa\u00e7\u00f5es \/ ferramentas \u00fateis para os nossos visitantes. A nossa pol\u00edtica de privacidade n\u00e3o \u00e9 aplicada a sites de terceiros, pelo que, caso visite outro site a partir do nosso dever\u00e1 ler a politica de privacidade do mesmo.<\/p>\n<p style=\"text-align: justify;\">N\u00e3o nos responsabilizamos pela pol\u00edtica de privacidade ou conte\u00fado presente nesses mesmos sites.<\/p>\n","protected":false},"excerpt":{"rendered":"<p>Pol\u00edtica de privacidade para Descobrir Portugal Todas as suas informa\u00e7\u00f5es pessoais recolhidas, ser\u00e3o usadas para o ajudar a tornar a sua visita no nosso site o mais produtiva e agrad\u00e1vel poss\u00edvel. A garantia da confidencialidade dos dados pessoais dos utilizadores do nosso site \u00e9 importante para o Descobrir Portugal. Todas as informa\u00e7\u00f5es pessoais relativas a [&hellip;]<\/p>\n","protected":false},"author":1,"featured_media":0,"parent":0,"menu_order":0,"comment_status":"closed","ping_status":"closed","template":"","meta":{"jetpack_post_was_ever_published":false},"jetpack_shortlink":"https:\/\/wp.me\/P9IWTB-yi","_links":{"self":[{"href":"https:\/\/descobrirportugal.pt\/wp-json\/wp\/v2\/pages\/2126"}],"collection":[{"href":"https:\/\/descobrirportugal.pt\/wp-json\/wp\/v2\/pages"}],"about":[{"href":"https:\/\/descobrirportugal.pt\/wp-json\/wp\/v2\/types\/page"}],"author":[{"embeddable":true,"href":"https:\/\/descobrirportugal.pt\/wp-json\/wp\/v2\/users\/1"}],"replies":[{"embeddable":true,"href":"https:\/\/descobrirportugal.pt\/wp-json\/wp\/v2\/comments?post=2126"}],"version-history":[{"count":1,"href":"https:\/\/descobrirportugal.pt\/wp-json\/wp\/v2\/pages\/2126\/revisions"}],"predecessor-version":[{"id":2128,"href":"https:\/\/descobrirportugal.pt\/wp-json\/wp\/v2\/pages\/2126\/revisions\/2128"}],"wp:attachment":[{"href":"https:\/\/descobrirportugal.pt\/wp-json\/wp\/v2\/media?parent=2126"}],"curies":[{"name":"wp","href":"https:\/\/api.w.org\/{rel}","templated":true}]}}